{"id":116,"date":"2016-09-14T22:29:20","date_gmt":"2016-09-14T22:29:20","guid":{"rendered":"https:\/\/chess.seenergynetwork.com\/es\/?page_id=116"},"modified":"2017-06-18T23:00:01","modified_gmt":"2017-06-18T23:00:01","slug":"about","status":"publish","type":"page","link":"https:\/\/chess.seenergynetwork.com\/es\/about\/","title":{"rendered":"Acerca de"},"content":{"rendered":"<h1>Acerca de Ajedrez Equidin\u00e1mico<span style=\"font-size: 12pt;\"><sup>\u00a9<\/sup><\/span><\/h1>\n<h2><img loading=\"lazy\" decoding=\"async\" class=\"size-medium wp-image-14 alignleft\" src=\"https:\/\/chess.seenergynetwork.com\/wp-content\/uploads\/2016\/09\/Equidynamic_Chess_Enrique_Featured_1-250x300.jpg\" alt=\"Equidynamic_Chess_Enrique_Featured_1\" width=\"250\" height=\"300\" srcset=\"https:\/\/chess.seenergynetwork.com\/wp-content\/uploads\/2016\/09\/Equidynamic_Chess_Enrique_Featured_1-250x300.jpg 250w, https:\/\/chess.seenergynetwork.com\/wp-content\/uploads\/2016\/09\/Equidynamic_Chess_Enrique_Featured_1.jpg 300w\" sizes=\"auto, (max-width: 250px) 100vw, 250px\" \/><\/h2>\n<p>Ajedrez Equidin\u00e1mico<span style=\"font-size: 8pt;\"><sup>\u00a9<\/sup><\/span> es un sistema de aprendizaje del ajedrez creado por Enrique Dom\u00ednguez, un jugador e instructor con amplia experiencia. Enrique aprendi\u00f3 a jugar ajedrez a los cinco a\u00f1os, instruido por su abuelo y su t\u00edo. Su pasi\u00f3n por el juego se aviv\u00f3 de inmediato. Su primer logro significativo fue calificar para el Campeonato Nacional Infantil, a los 9 a\u00f1os de edad. Obtuvo el primer sitio en su estado\/categor\u00eda. Algunos m\u00e1s tarde comenz\u00f3 a participar en el circuito nacional. Obtuvo el primer lugar en un torneo de segunda fuerza, y se volvi\u00f3 un asiduo jugador de ajedrez r\u00e1pido en una de las sedes m\u00e1s famosas y competitivas de M\u00e9xico, el Caf\u00e9 Gandhi.<\/p>\n<p>Enfrent\u00f3 a muchos jugadores fuertes, y tom\u00f3 lecciones con el Maestro Nacional Arturo Anguiano. Tambi\u00e9n trab\u00f3 una cercana amistad con el Maestro FIDE Federico Schaffenburg, con quien jug\u00f3 en varios eventos nacionales e internacionales. Form\u00f3 parte de\u00a0un equipo en el Campeonato Nacional por Equipos de M\u00e9xico, que tuvo una destacada actuaci\u00f3n. Enrique Dom\u00ednguez se retir\u00f3 temporalmente de los torneos con la intenci\u00f3n de profundizar su estudio y comprensi\u00f3n del juego. El resultado final de este trabajo fue la creaci\u00f3n de un nuevo sistema y metodolog\u00eda, al que llam\u00f3 &#8220;Ajedrez Equidin\u00e1mico&#8221;.<\/p>\n<p>Usando su m\u00e9todo, Enrique Dom\u00ednguez ha ganado varios torneos en l\u00ednea durante los \u00faltimos a\u00f1os. Tambi\u00e9n ha derrotado a jugadores titulados, incluyendo WIM\u00a0(Maestras Internacionales Femeninas), IM (Maestros Internacionales) y un GM (Gran Maestro, el m\u00e1ximo t\u00edtulo otorgado por la Federaci\u00f3n Internacional de Ajedrez). Gracias a su enfoque, el Ajedrez Equidin\u00e1mico es una herramienta ideal para ense\u00f1ar el juego a cualquiera interesado en aprender a jugarlo \u2013y, sobre todo, comprenderlo\u2013. El sistema se adapta a todos, independientemente de la edad, g\u00e9nero, aspiraciones, o nivel de experiencia. M\u00e1s a\u00fan, ha probado ser particularmente adecuado para principiantes y ni\u00f1os \u2013\u00a1quienes parecen disfrutarlo tanto como Enrique disfruta al ense\u00f1arles!\u2013.<\/p>\n<p>Enrique Dom\u00ednguez ha ense\u00f1ado exitosamente ajedrez usando y probando su m\u00e9todo durante los \u00faltimos a\u00f1os.<\/p>\n<hr \/>\n\n<div class=\"wpforms-container wpforms-container-full\" id=\"wpforms-45\"><form id=\"wpforms-form-45\" class=\"wpforms-validate wpforms-form\" data-formid=\"45\" method=\"post\" enctype=\"multipart\/form-data\" action=\"\/es\/wp-json\/wp\/v2\/pages\/116\" data-token=\"e1d33fb18c787322d03c17014ec86c00\" data-token-time=\"1776270012\"><div class=\"wpforms-head-container\"><div class=\"wpforms-title\">Contact<\/div><div class=\"wpforms-description\">Feel free to write anytime. We will reply soon.<\/div><\/div><noscript class=\"wpforms-error-noscript\">Please enable JavaScript in your browser to complete this form.<\/noscript><div class=\"wpforms-field-container\"><div id=\"wpforms-45-field_0-container\" class=\"wpforms-field wpforms-field-name\" data-field-id=\"0\"><label class=\"wpforms-field-label\">Name <span class=\"wpforms-required-label\">*<\/span><\/label><div class=\"wpforms-field-row wpforms-field-medium\"><div class=\"wpforms-field-row-block wpforms-first wpforms-one-half\"><input type=\"text\" id=\"wpforms-45-field_0\" class=\"wpforms-field-name-first wpforms-field-required\" name=\"wpforms[fields][0][first]\" required><label for=\"wpforms-45-field_0\" class=\"wpforms-field-sublabel after\">First<\/label><\/div><div class=\"wpforms-field-row-block wpforms-one-half\"><input type=\"text\" id=\"wpforms-45-field_0-last\" class=\"wpforms-field-name-last wpforms-field-required\" name=\"wpforms[fields][0][last]\" required><label for=\"wpforms-45-field_0-last\" class=\"wpforms-field-sublabel after\">Last<\/label><\/div><\/div><\/div><div id=\"wpforms-45-field_1-container\" class=\"wpforms-field wpforms-field-email\" data-field-id=\"1\"><label class=\"wpforms-field-label\" for=\"wpforms-45-field_1\">E-mail <span class=\"wpforms-required-label\">*<\/span><\/label><input type=\"email\" id=\"wpforms-45-field_1\" class=\"wpforms-field-medium wpforms-field-required\" name=\"wpforms[fields][1]\" spellcheck=\"false\" required><\/div><div id=\"wpforms-45-field_2-container\" class=\"wpforms-field wpforms-field-textarea\" data-field-id=\"2\"><label class=\"wpforms-field-label\" for=\"wpforms-45-field_2\">Comment or Message <span class=\"wpforms-required-label\">*<\/span><\/label><textarea id=\"wpforms-45-field_2\" class=\"wpforms-field-medium wpforms-field-required\" name=\"wpforms[fields][2]\" required><\/textarea><\/div><\/div><!-- .wpforms-field-container --><div class=\"wpforms-field wpforms-field-hp\"><label for=\"wpforms-45-field-hp\" class=\"wpforms-field-label\">Email<\/label><input type=\"text\" name=\"wpforms[hp]\" id=\"wpforms-45-field-hp\" class=\"wpforms-field-medium\"><\/div><div class=\"wpforms-recaptcha-container wpforms-is-recaptcha wpforms-is-recaptcha-type-v3\" ><input type=\"hidden\" name=\"wpforms[recaptcha]\" value=\"\"><\/div><div class=\"wpforms-submit-container\" ><input type=\"hidden\" name=\"wpforms[id]\" value=\"45\"><input type=\"hidden\" name=\"page_title\" value=\"\"><input type=\"hidden\" name=\"page_url\" value=\"https:\/\/chess.seenergynetwork.com\/es\/wp-json\/wp\/v2\/pages\/116\"><input type=\"hidden\" name=\"url_referer\" value=\"\"><button type=\"submit\" name=\"wpforms[submit]\" id=\"wpforms-submit-45\" class=\"wpforms-submit\" aria-live=\"assertive\" value=\"wpforms-submit\">Submit<\/button><\/div><\/form><\/div>  <!-- .wpforms-container -->\n","protected":false},"excerpt":{"rendered":"<p>Equidynamic Chess is a unique chess learning system for all ages and levels. Learn more about Equidynamic Chess and its creator.<\/p>\n","protected":false},"author":1,"featured_media":18,"parent":0,"menu_order":0,"comment_status":"closed","ping_status":"closed","template":"page-full.php","meta":{"footnotes":""},"class_list":["post-116","page","type-page","status-publish","has-post-thumbnail","hentry"],"_links":{"self":[{"href":"https:\/\/chess.seenergynetwork.com\/es\/wp-json\/wp\/v2\/pages\/116","targetHints":{"allow":["GET"]}}],"collection":[{"href":"https:\/\/chess.seenergynetwork.com\/es\/wp-json\/wp\/v2\/pages"}],"about":[{"href":"https:\/\/chess.seenergynetwork.com\/es\/wp-json\/wp\/v2\/types\/page"}],"author":[{"embeddable":true,"href":"https:\/\/chess.seenergynetwork.com\/es\/wp-json\/wp\/v2\/users\/1"}],"replies":[{"embeddable":true,"href":"https:\/\/chess.seenergynetwork.com\/es\/wp-json\/wp\/v2\/comments?post=116"}],"version-history":[{"count":7,"href":"https:\/\/chess.seenergynetwork.com\/es\/wp-json\/wp\/v2\/pages\/116\/revisions"}],"predecessor-version":[{"id":689,"href":"https:\/\/chess.seenergynetwork.com\/es\/wp-json\/wp\/v2\/pages\/116\/revisions\/689"}],"wp:featuredmedia":[{"embeddable":true,"href":"https:\/\/chess.seenergynetwork.com\/es\/wp-json\/wp\/v2\/media\/18"}],"wp:attachment":[{"href":"https:\/\/chess.seenergynetwork.com\/es\/wp-json\/wp\/v2\/media?parent=116"}],"curies":[{"name":"wp","href":"https:\/\/api.w.org\/{rel}","templated":true}]}}