{"id":113,"date":"2016-09-14T21:33:15","date_gmt":"2016-09-14T21:33:15","guid":{"rendered":"https:\/\/chess.seenergynetwork.com\/es\/home\/"},"modified":"2017-06-19T22:04:09","modified_gmt":"2017-06-19T22:04:09","slug":"home","status":"publish","type":"page","link":"https:\/\/chess.seenergynetwork.com\/es\/","title":{"rendered":"Ajedrez Equidin\u00e1mico"},"content":{"rendered":"<p><img loading=\"lazy\" decoding=\"async\" class=\"alignnone wp-image-411 size-full\" src=\"https:\/\/chess.seenergynetwork.com\/wp-content\/uploads\/2016\/09\/page_ornament_1b.png\" alt=\"\" width=\"2803\" height=\"271\" srcset=\"https:\/\/chess.seenergynetwork.com\/wp-content\/uploads\/2016\/09\/page_ornament_1b.png 2803w, https:\/\/chess.seenergynetwork.com\/wp-content\/uploads\/2016\/09\/page_ornament_1b-300x29.png 300w, https:\/\/chess.seenergynetwork.com\/wp-content\/uploads\/2016\/09\/page_ornament_1b-768x74.png 768w, https:\/\/chess.seenergynetwork.com\/wp-content\/uploads\/2016\/09\/page_ornament_1b-1024x99.png 1024w\" sizes=\"auto, (max-width: 2803px) 100vw, 2803px\" \/><\/p>\n<hr style=\"opacity: 0;\" \/>\n<p style=\"font-size: 28px; font-weight: 100; text-align: center;\"><em><span style=\"color: #999999;\">Redescubre el ajedrez. Te asombrar\u00e1.<\/span><\/em><\/p>\n\n<hr style=\"opacity: 0.2;\" \/>\n<span class=\"\" style=\"display:block;clear:both;height: 0px;padding-top: 20px;border-top-width:0px;border-bottom-width:0px;\"><\/span>\n<div class='et-box et-shadow'>\n\t\t\t\t\t<div class='et-box-content'><p style=\"text-align: left;\"><span style=\"font-size: 14pt;\"><span style=\"font-family: 'book antiqua', palatino, serif; font-size: 24pt;\">A<\/span>jedrez Equidin\u00e1mico\u00a9 es un sistema \u00fanico de aprendizaje del ajedrez para todas las edades y niveles de juego. Es producto de d\u00e9cadas de experiencia en la pr\u00e1ctica del ajedrez, combinadas con el uso de unidades cognitivas cuidadosamente escogidas y entretejidas a partir de distintas \u00e1reas de conocimiento. Estas \u00e1reas incluyen a la m\u00fasica cl\u00e1sica, las artes, ciencia, historia, filosof\u00eda, artes marciales y la percepci\u00f3n geom\u00e9trico-espacial enriquecida como un campo de estudio pr\u00e1ctico.<\/span><\/p>\n[aesop_parallax height=&#8221;400px&#8221; img=&#8221;https:\/\/chess.seenergynetwork.com\/wp-content\/uploads\/2016\/09\/Equidynamic_Chess_Home_Paralax_1.jpg&#8221; parallaxbg=&#8221;fixed&#8221; captionposition=&#8221;bottom-right&#8221; lightbox=&#8221;off&#8221; floater=&#8221;on&#8221; floatermedia=&#8221;<img src='https:\/\/chess.seenergynetwork.com\/wp-content\/uploads\/2017\/06\/Equidynamic_Chess_Home_Paralax_1b_FloatText_SP.png'>&#8221; floaterposition=&#8221;left&#8221; floaterdirection=&#8221;down&#8221; floaterdistance=&#8221;50%&#8221;]\n<p style=\"text-align: left;\"><span style=\"font-size: 14pt;\"><span style=\"font-family: 'book antiqua', palatino, serif; font-size: 24pt;\">E<\/span>l resultado final es un sistema completo que apunta a lograr el m\u00e1ximo resultado\u00a0con el m\u00ednimo impulso, enfatizando la sencillez en lugar del pensamiento excesivo y el disfrute en lugar de la preocupaci\u00f3n por uno mismo. Gracias a este enfoque, el sistema fomenta nuestras habilidades naturales para comprender cualquier cosa a profundidad al permitirnos aprovechar nuestros recursos ocultos.<\/span><\/p>\n[aesop_parallax height=&#8221;400px&#8221; img=&#8221;https:\/\/chess.seenergynetwork.com\/wp-content\/uploads\/2016\/09\/Equidynamic_Chess_Home_Paralax_3.jpg&#8221; parallaxbg=&#8221;fixed&#8221; captionposition=&#8221;bottom-right&#8221; lightbox=&#8221;off&#8221; floater=&#8221;on&#8221; floatermedia=&#8221;<img src='https:\/\/chess.seenergynetwork.com\/wp-content\/uploads\/2017\/06\/Equidynamic_Chess_Home_Paralax_2b_FloatText_SP.png'>&#8221; floaterposition=&#8221;right&#8221; floaterdirection=&#8221;down&#8221; floaterdistance=&#8221;50%&#8221;]\n<p style=\"text-align: left;\"><span style=\"font-size: 14pt;\"><span style=\"font-family: 'book antiqua', palatino, serif; font-size: 24pt;\">E<\/span>l objetivo ulterior del Ajedrez Equidin\u00e1mico es permitir que los estudiantes apliquen todo lo que aprenden de \u00e9l en cualquier \u00e1rea de sus vidas cotidianas. Pueden usar las herramientas brindadas por el sistema para volverse m\u00e1s eficientes, decididos y conscientes. Pueden transformarse en seres humanos m\u00e1s felices, gentiles, fuertes y sabios con simplemente aprender a apreciar la asombrosa belleza del ajedrez<\/span><span style=\"font-size: 14pt;\">.<\/span><\/p>\n[aesop_parallax height=&#8221;400px&#8221; img=&#8221;https:\/\/chess.seenergynetwork.com\/wp-content\/uploads\/2016\/09\/Equidynamic_Chess_Home_Paralax_2.jpg&#8221; parallaxbg=&#8221;fixed&#8221; captionposition=&#8221;bottom-right&#8221; lightbox=&#8221;off&#8221; floater=&#8221;on&#8221; floatermedia=&#8221;<img src='https:\/\/chess.seenergynetwork.com\/wp-content\/uploads\/2017\/06\/Equidynamic_Chess_Home_Paralax_3b_FloatText_SP.png'>&#8221; floaterposition=&#8221;center&#8221; floaterdirection=&#8221;down&#8221; floaterdistance=&#8221;50%&#8221;]<\/div><\/div>\n<hr style=\"opacity: 0.0;\" \/>\n<p><img loading=\"lazy\" decoding=\"async\" class=\"alignnone wp-image-411 size-full\" src=\"https:\/\/chess.seenergynetwork.com\/wp-content\/uploads\/2016\/09\/page_ornament_1b.png\" alt=\"\" width=\"2803\" height=\"271\" srcset=\"https:\/\/chess.seenergynetwork.com\/wp-content\/uploads\/2016\/09\/page_ornament_1b.png 2803w, https:\/\/chess.seenergynetwork.com\/wp-content\/uploads\/2016\/09\/page_ornament_1b-300x29.png 300w, https:\/\/chess.seenergynetwork.com\/wp-content\/uploads\/2016\/09\/page_ornament_1b-768x74.png 768w, https:\/\/chess.seenergynetwork.com\/wp-content\/uploads\/2016\/09\/page_ornament_1b-1024x99.png 1024w\" sizes=\"auto, (max-width: 2803px) 100vw, 2803px\" \/><\/p>\n<hr style=\"opacity: 0.0;\" \/>\n<div class='et-box et-shadow'>\n\t\t\t\t\t<div class='et-box-content'><\/div><\/div><span class=\"\" style=\"display:block;clear:both;height: 0px;padding-top: 20px;border-top-width:0px;border-bottom-width:0px;\"><\/span>\n\n[aesop_image img=&#8221;https:\/\/chess.seenergynetwork.com\/wp-content\/uploads\/2017\/06\/Equidynamic_Chess_Logo1_ES.png&#8221; align=&#8221;center&#8221; lightbox=&#8221;off&#8221; caption=&#8221;Aprender a aprender, aprender a vivir, vivir para aprender.&#8221; captionposition=&#8221;center&#8221; revealfx=&#8221;frombelow&#8221;]\n\n","protected":false},"excerpt":{"rendered":"<p>Redescubre el ajedrez. Te asombrar\u00e1. [aesop_image img=&#8221;https:\/\/chess.seenergynetwork.com\/wp-content\/uploads\/2017\/06\/Equidynamic_Chess_Logo1_ES.png&#8221; align=&#8221;center&#8221; lightbox=&#8221;off&#8221; caption=&#8221;Aprender a aprender, aprender a vivir, vivir para aprender.&#8221; captionposition=&#8221;center&#8221; revealfx=&#8221;frombelow&#8221;]<\/p>\n","protected":false},"author":1,"featured_media":35,"parent":0,"menu_order":0,"comment_status":"closed","ping_status":"closed","template":"page-full.php","meta":{"footnotes":""},"class_list":["post-113","page","type-page","status-publish","has-post-thumbnail","hentry"],"_links":{"self":[{"href":"https:\/\/chess.seenergynetwork.com\/es\/wp-json\/wp\/v2\/pages\/113","targetHints":{"allow":["GET"]}}],"collection":[{"href":"https:\/\/chess.seenergynetwork.com\/es\/wp-json\/wp\/v2\/pages"}],"about":[{"href":"https:\/\/chess.seenergynetwork.com\/es\/wp-json\/wp\/v2\/types\/page"}],"author":[{"embeddable":true,"href":"https:\/\/chess.seenergynetwork.com\/es\/wp-json\/wp\/v2\/users\/1"}],"replies":[{"embeddable":true,"href":"https:\/\/chess.seenergynetwork.com\/es\/wp-json\/wp\/v2\/comments?post=113"}],"version-history":[{"count":10,"href":"https:\/\/chess.seenergynetwork.com\/es\/wp-json\/wp\/v2\/pages\/113\/revisions"}],"predecessor-version":[{"id":725,"href":"https:\/\/chess.seenergynetwork.com\/es\/wp-json\/wp\/v2\/pages\/113\/revisions\/725"}],"wp:featuredmedia":[{"embeddable":true,"href":"https:\/\/chess.seenergynetwork.com\/es\/wp-json\/wp\/v2\/media\/35"}],"wp:attachment":[{"href":"https:\/\/chess.seenergynetwork.com\/es\/wp-json\/wp\/v2\/media?parent=113"}],"curies":[{"name":"wp","href":"https:\/\/api.w.org\/{rel}","templated":true}]}}